{"id":26687,"date":"2009-09-04T17:08:38","date_gmt":"2009-09-04T21:08:38","guid":{"rendered":"https:\/\/www.focusgamingsolutions.com\/acerca-de-focus-gaming-solutions\/contacto\/"},"modified":"2025-10-02T19:59:52","modified_gmt":"2025-10-02T23:59:52","slug":"contacto__trashed","status":"publish","type":"page","link":"https:\/\/www.focusgamingsolutions.com\/es\/acerca-de-focus-gaming-solutions\/contacto__trashed\/","title":{"rendered":"Contacto"},"content":{"rendered":"\n<p><strong>Puede contactarnos por correo electr\u00f3nico, tel\u00e9fono o WhatsApp:<\/strong><\/p>\n\n\n<p class=\"wpcf7-contact-form-not-found\"><strong>Error:<\/strong> Formulario de contacto no encontrado.<\/p>\n\n\n\n<h3 class=\"wp-block-heading\">Datos de contacto:<\/h3>\n\n\n\n<p><strong>En Estados Unidos:<\/strong> 914-282-2287<br><strong>WhatsApp:<\/strong> +1-914-282-2287<br><strong>Correo Electr\u00f3nico:<\/strong> <a href=\"mailto:john@focusgamingsolutions.com\" rel=\"noreferrer\">john@focusgamingsolutions.com<\/a><\/p>\n\n\n\n<p><\/p>\n","protected":false},"excerpt":{"rendered":"<p>Puede contactarnos por correo electr\u00f3nico, tel\u00e9fono o WhatsApp: Datos de contacto: En Estados Unidos: 914-282-2287WhatsApp: +1-914-282-2287Correo Electr\u00f3nico: john@focusgamingsolutions.com<\/p>\n","protected":false},"author":1,"featured_media":0,"parent":26685,"menu_order":0,"comment_status":"closed","ping_status":"open","template":"","meta":{"_genesis_hide_title":false,"_genesis_hide_breadcrumbs":false,"_genesis_hide_singular_image":false,"_genesis_hide_footer_widgets":false,"_genesis_custom_body_class":"","_genesis_custom_post_class":"","_genesis_layout":"","jetpack_post_was_ever_published":false,"footnotes":""},"class_list":{"0":"post-26687","1":"page","2":"type-page","3":"status-publish","5":"entry"},"yoast_head":"<!-- This site is optimized with the Yoast SEO plugin v27.4 - https:\/\/yoast.com\/product\/yoast-seo-wordpress\/ -->\n<title>Contacto - Focus Gaming Solutions<\/title>\n<meta name=\"robots\" content=\"index, follow, max-snippet:-1, max-image-preview:large, max-video-preview:-1\" \/>\n<link rel=\"canonical\" href=\"https:\/\/www.focusgamingsolutions.com\/es\/acerca-de-focus-gaming-solutions\/contacto__trashed\/\" \/>\n<meta property=\"og:locale\" content=\"es_ES\" \/>\n<meta property=\"og:type\" content=\"article\" \/>\n<meta property=\"og:title\" content=\"Contacto - Focus Gaming Solutions\" \/>\n<meta property=\"og:description\" content=\"Puede contactarnos por correo electr\u00f3nico, tel\u00e9fono o WhatsApp: Datos de contacto: En Estados Unidos: 914-282-2287WhatsApp: +1-914-282-2287Correo Electr\u00f3nico: john@focusgamingsolutions.com\" \/>\n<meta property=\"og:url\" content=\"https:\/\/www.focusgamingsolutions.com\/es\/acerca-de-focus-gaming-solutions\/contacto__trashed\/\" \/>\n<meta property=\"og:site_name\" content=\"Focus Gaming Solutions\" \/>\n<meta property=\"article:modified_time\" content=\"2025-10-02T23:59:52+00:00\" \/>\n<meta name=\"twitter:card\" content=\"summary_large_image\" \/>\n<meta name=\"twitter:label1\" content=\"Tiempo de lectura\" \/>\n\t<meta name=\"twitter:data1\" content=\"1 minuto\" \/>\n<script type=\"application\/ld+json\" class=\"yoast-schema-graph\">{\"@context\":\"https:\\\/\\\/schema.org\",\"@graph\":[{\"@type\":\"WebPage\",\"@id\":\"https:\\\/\\\/www.focusgamingsolutions.com\\\/es\\\/acerca-de-focus-gaming-solutions\\\/contacto__trashed\\\/\",\"url\":\"https:\\\/\\\/www.focusgamingsolutions.com\\\/es\\\/acerca-de-focus-gaming-solutions\\\/contacto__trashed\\\/\",\"name\":\"Contacto - Focus Gaming Solutions\",\"isPartOf\":{\"@id\":\"https:\\\/\\\/www.focusgamingsolutions.com\\\/es\\\/#website\"},\"datePublished\":\"2009-09-04T21:08:38+00:00\",\"dateModified\":\"2025-10-02T23:59:52+00:00\",\"breadcrumb\":{\"@id\":\"https:\\\/\\\/www.focusgamingsolutions.com\\\/es\\\/acerca-de-focus-gaming-solutions\\\/contacto__trashed\\\/#breadcrumb\"},\"inLanguage\":\"es\",\"potentialAction\":[{\"@type\":\"ReadAction\",\"target\":[\"https:\\\/\\\/www.focusgamingsolutions.com\\\/es\\\/acerca-de-focus-gaming-solutions\\\/contacto__trashed\\\/\"]}]},{\"@type\":\"BreadcrumbList\",\"@id\":\"https:\\\/\\\/www.focusgamingsolutions.com\\\/es\\\/acerca-de-focus-gaming-solutions\\\/contacto__trashed\\\/#breadcrumb\",\"itemListElement\":[{\"@type\":\"ListItem\",\"position\":1,\"name\":\"Home\",\"item\":\"https:\\\/\\\/www.focusgamingsolutions.com\\\/es\\\/\"},{\"@type\":\"ListItem\",\"position\":2,\"name\":\"Acerca de Focus Gaming Solutions\",\"item\":\"https:\\\/\\\/www.focusgamingsolutions.com\\\/es\\\/acerca-de-focus-gaming-solutions\\\/\"},{\"@type\":\"ListItem\",\"position\":3,\"name\":\"Contacto\"}]},{\"@type\":\"WebSite\",\"@id\":\"https:\\\/\\\/www.focusgamingsolutions.com\\\/es\\\/#website\",\"url\":\"https:\\\/\\\/www.focusgamingsolutions.com\\\/es\\\/\",\"name\":\"Focus Gaming Solutions\",\"description\":\"Focused Solutions For Your Gaming Needs\",\"publisher\":{\"@id\":\"https:\\\/\\\/www.focusgamingsolutions.com\\\/es\\\/#organization\"},\"potentialAction\":[{\"@type\":\"SearchAction\",\"target\":{\"@type\":\"EntryPoint\",\"urlTemplate\":\"https:\\\/\\\/www.focusgamingsolutions.com\\\/es\\\/?s={search_term_string}\"},\"query-input\":{\"@type\":\"PropertyValueSpecification\",\"valueRequired\":true,\"valueName\":\"search_term_string\"}}],\"inLanguage\":\"es\"},{\"@type\":\"Organization\",\"@id\":\"https:\\\/\\\/www.focusgamingsolutions.com\\\/es\\\/#organization\",\"name\":\"Focus Gaming Solutions\",\"url\":\"https:\\\/\\\/www.focusgamingsolutions.com\\\/es\\\/\",\"logo\":{\"@type\":\"ImageObject\",\"inLanguage\":\"es\",\"@id\":\"https:\\\/\\\/www.focusgamingsolutions.com\\\/es\\\/#\\\/schema\\\/logo\\\/image\\\/\",\"url\":\"https:\\\/\\\/i0.wp.com\\\/www.focusgamingsolutions.com\\\/wp-content\\\/uploads\\\/2016\\\/05\\\/fgs-logo-final.jpg?fit=260%2C100&ssl=1\",\"contentUrl\":\"https:\\\/\\\/i0.wp.com\\\/www.focusgamingsolutions.com\\\/wp-content\\\/uploads\\\/2016\\\/05\\\/fgs-logo-final.jpg?fit=260%2C100&ssl=1\",\"width\":260,\"height\":100,\"caption\":\"Focus Gaming Solutions\"},\"image\":{\"@id\":\"https:\\\/\\\/www.focusgamingsolutions.com\\\/es\\\/#\\\/schema\\\/logo\\\/image\\\/\"}}]}<\/script>\n<!-- \/ Yoast SEO plugin. -->","yoast_head_json":{"title":"Contacto - Focus Gaming Solutions","robots":{"index":"index","follow":"follow","max-snippet":"max-snippet:-1","max-image-preview":"max-image-preview:large","max-video-preview":"max-video-preview:-1"},"canonical":"https:\/\/www.focusgamingsolutions.com\/es\/acerca-de-focus-gaming-solutions\/contacto__trashed\/","og_locale":"es_ES","og_type":"article","og_title":"Contacto - Focus Gaming Solutions","og_description":"Puede contactarnos por correo electr\u00f3nico, tel\u00e9fono o WhatsApp: Datos de contacto: En Estados Unidos: 914-282-2287WhatsApp: +1-914-282-2287Correo Electr\u00f3nico: john@focusgamingsolutions.com","og_url":"https:\/\/www.focusgamingsolutions.com\/es\/acerca-de-focus-gaming-solutions\/contacto__trashed\/","og_site_name":"Focus Gaming Solutions","article_modified_time":"2025-10-02T23:59:52+00:00","twitter_card":"summary_large_image","twitter_misc":{"Tiempo de lectura":"1 minuto"},"schema":{"@context":"https:\/\/schema.org","@graph":[{"@type":"WebPage","@id":"https:\/\/www.focusgamingsolutions.com\/es\/acerca-de-focus-gaming-solutions\/contacto__trashed\/","url":"https:\/\/www.focusgamingsolutions.com\/es\/acerca-de-focus-gaming-solutions\/contacto__trashed\/","name":"Contacto - Focus Gaming Solutions","isPartOf":{"@id":"https:\/\/www.focusgamingsolutions.com\/es\/#website"},"datePublished":"2009-09-04T21:08:38+00:00","dateModified":"2025-10-02T23:59:52+00:00","breadcrumb":{"@id":"https:\/\/www.focusgamingsolutions.com\/es\/acerca-de-focus-gaming-solutions\/contacto__trashed\/#breadcrumb"},"inLanguage":"es","potentialAction":[{"@type":"ReadAction","target":["https:\/\/www.focusgamingsolutions.com\/es\/acerca-de-focus-gaming-solutions\/contacto__trashed\/"]}]},{"@type":"BreadcrumbList","@id":"https:\/\/www.focusgamingsolutions.com\/es\/acerca-de-focus-gaming-solutions\/contacto__trashed\/#breadcrumb","itemListElement":[{"@type":"ListItem","position":1,"name":"Home","item":"https:\/\/www.focusgamingsolutions.com\/es\/"},{"@type":"ListItem","position":2,"name":"Acerca de Focus Gaming Solutions","item":"https:\/\/www.focusgamingsolutions.com\/es\/acerca-de-focus-gaming-solutions\/"},{"@type":"ListItem","position":3,"name":"Contacto"}]},{"@type":"WebSite","@id":"https:\/\/www.focusgamingsolutions.com\/es\/#website","url":"https:\/\/www.focusgamingsolutions.com\/es\/","name":"Focus Gaming Solutions","description":"Focused Solutions For Your Gaming Needs","publisher":{"@id":"https:\/\/www.focusgamingsolutions.com\/es\/#organization"},"potentialAction":[{"@type":"SearchAction","target":{"@type":"EntryPoint","urlTemplate":"https:\/\/www.focusgamingsolutions.com\/es\/?s={search_term_string}"},"query-input":{"@type":"PropertyValueSpecification","valueRequired":true,"valueName":"search_term_string"}}],"inLanguage":"es"},{"@type":"Organization","@id":"https:\/\/www.focusgamingsolutions.com\/es\/#organization","name":"Focus Gaming Solutions","url":"https:\/\/www.focusgamingsolutions.com\/es\/","logo":{"@type":"ImageObject","inLanguage":"es","@id":"https:\/\/www.focusgamingsolutions.com\/es\/#\/schema\/logo\/image\/","url":"https:\/\/i0.wp.com\/www.focusgamingsolutions.com\/wp-content\/uploads\/2016\/05\/fgs-logo-final.jpg?fit=260%2C100&ssl=1","contentUrl":"https:\/\/i0.wp.com\/www.focusgamingsolutions.com\/wp-content\/uploads\/2016\/05\/fgs-logo-final.jpg?fit=260%2C100&ssl=1","width":260,"height":100,"caption":"Focus Gaming Solutions"},"image":{"@id":"https:\/\/www.focusgamingsolutions.com\/es\/#\/schema\/logo\/image\/"}}]}},"jetpack_sharing_enabled":true,"jetpack_shortlink":"https:\/\/wp.me\/PEkl0-6Wr","jetpack-related-posts":[{"id":50,"url":"https:\/\/www.focusgamingsolutions.com\/about\/contact\/","url_meta":{"origin":26687,"position":0},"title":"Contact","author":"Prism Enterprises","date":"4 de septiembre de 2009","format":false,"excerpt":"We can be reached via email, phone, or WhatsApp: Contact Details: Domestic: 914-282-2287WhatsApp: +1-914-282-2287Email: john@focusgamingsolutions.com","rel":"","context":"Entrada similar","block_context":{"text":"Entrada similar","link":""},"img":{"alt_text":"","src":"","width":0,"height":0},"classes":[]},{"id":26685,"url":"https:\/\/www.focusgamingsolutions.com\/es\/acerca-de-focus-gaming-solutions\/","url_meta":{"origin":26687,"position":1},"title":"Acerca de Focus Gaming Solutions","author":"Prism Enterprises","date":"11 de agosto de 2009","format":false,"excerpt":"Focus Gaming Solutions es la principal empresa internacional de corretaje y consultor\u00eda de equipos de juego, y ofrece una gama incomparable de productos y servicios a casinos y establecimientos de juego de todo el mundo. Fundada por David Graw en 1996, Focus Gaming Solutions comenz\u00f3 con el concepto de intermediar\u2026","rel":"","context":"Entrada similar","block_context":{"text":"Entrada similar","link":""},"img":{"alt_text":"","src":"","width":0,"height":0},"classes":[]}],"_links":{"self":[{"href":"https:\/\/www.focusgamingsolutions.com\/es\/wp-json\/wp\/v2\/pages\/26687","targetHints":{"allow":["GET"]}}],"collection":[{"href":"https:\/\/www.focusgamingsolutions.com\/es\/wp-json\/wp\/v2\/pages"}],"about":[{"href":"https:\/\/www.focusgamingsolutions.com\/es\/wp-json\/wp\/v2\/types\/page"}],"author":[{"embeddable":true,"href":"https:\/\/www.focusgamingsolutions.com\/es\/wp-json\/wp\/v2\/users\/1"}],"replies":[{"embeddable":true,"href":"https:\/\/www.focusgamingsolutions.com\/es\/wp-json\/wp\/v2\/comments?post=26687"}],"version-history":[{"count":3,"href":"https:\/\/www.focusgamingsolutions.com\/es\/wp-json\/wp\/v2\/pages\/26687\/revisions"}],"predecessor-version":[{"id":26696,"href":"https:\/\/www.focusgamingsolutions.com\/es\/wp-json\/wp\/v2\/pages\/26687\/revisions\/26696"}],"up":[{"embeddable":true,"href":"https:\/\/www.focusgamingsolutions.com\/es\/wp-json\/wp\/v2\/pages\/26685"}],"wp:attachment":[{"href":"https:\/\/www.focusgamingsolutions.com\/es\/wp-json\/wp\/v2\/media?parent=26687"}],"curies":[{"name":"wp","href":"https:\/\/api.w.org\/{rel}","templated":true}]}}