{"id":26685,"date":"2009-08-11T20:32:18","date_gmt":"2009-08-12T00:32:18","guid":{"rendered":"https:\/\/www.focusgamingsolutions.com\/acerca-de-focus-gaming-solutions\/"},"modified":"2025-10-06T18:43:32","modified_gmt":"2025-10-06T22:43:32","slug":"acerca-de-focus-gaming-solutions","status":"publish","type":"page","link":"https:\/\/www.focusgamingsolutions.com\/es\/acerca-de-focus-gaming-solutions\/","title":{"rendered":"Acerca de Focus Gaming Solutions"},"content":{"rendered":"<p>Focus Gaming Solutions es la principal empresa internacional de corretaje y consultor\u00eda de equipos de juego, y ofrece una gama incomparable de productos y servicios a casinos y establecimientos de juego de todo el mundo.<\/p>\n<p>Fundada por David Graw en 1996, Focus Gaming Solutions comenz\u00f3 con el concepto de intermediar m\u00e1quinas tragamonedas usadas a minoristas dentro de los Estados Unidos. Inicialmente, la empresa prestaba servicios a casinos peque\u00f1os y medianos, y r\u00e1pidamente se labr\u00f3 una reputaci\u00f3n por ofrecer juegos de alta calidad que condujeron a la expansi\u00f3n a asientos de casino, se\u00f1alizaci\u00f3n, juegos de mesa, stands y otros equipos auxiliares de casino.<\/p>\n<p>A principios de la d\u00e9cada de 2000, Focus Gaming Solutions hab\u00eda logrado un importante crecimiento nacional y entr\u00f3 con \u00e9xito en los mercados de Sudam\u00e9rica y el Caribe. La capacidad de exportar m\u00e1quinas tragamonedas de forma rentable a los mercados emergentes demostr\u00f3 ser excepcionalmente valiosa y llev\u00f3 a la empresa a ayudar con \u00e9xito a clientes internacionales con numerosos proyectos de creciente escala y complejidad.<\/p>\n<p>Como resultado, Focus Gaming Solutions ampli\u00f3 a\u00fan m\u00e1s sus servicios para incluir la gesti\u00f3n de proyectos y el suministro de soluciones llave en mano para la distribuci\u00f3n, el dise\u00f1o y las instalaciones de los espacios.<\/p>\n<p>Focus Gaming Solutions ahora ofrece servicios integrales de principio a fin en todas las \u00e1reas de proyectos de inicio y expansi\u00f3n de casinos, incluyendo la distribuci\u00f3n y el dise\u00f1o de todo, desde los espacios de los casinos hasta restaurantes, bares y clubes nocturnos. La empresa ha prestado servicios a clientes en numerosos pa\u00edses y sigue centr\u00e1ndose en la expansi\u00f3n internacional de su oferta de servicios de corretaje y consultor\u00eda.<\/p>\n<p>Focus Gaming Solutions se distingue por ofrecer soluciones personalizadas para satisfacer las necesidades individuales de los clientes utilizando lo \u00faltimo en tecnolog\u00eda de juegos, sistemas progresivos y se\u00f1alizaci\u00f3n, iluminaci\u00f3n, sonido y sistemas de v\u00eddeo con experiencia en la gesti\u00f3n de proyectos que ofrece proyectos a tiempo y, a menudo, por debajo del presupuesto.<\/p>\n<p><a href=\"http:\/\/www.focusgamingsolutions.com\/about\/contact\/\"><b>P\u00f3ngase en contacto con nosotros<\/b><\/a>\u00a0para hablar de c\u00f3mo podemos ayudarle con su proyecto.<\/p>\n","protected":false},"excerpt":{"rendered":"<p>Focus Gaming Solutions es la principal empresa internacional de corretaje y consultor\u00eda de equipos de juego, y ofrece una gama incomparable de productos y servicios a casinos y establecimientos de juego de todo el mundo. Fundada por David Graw en 1996, Focus Gaming Solutions comenz\u00f3 con el concepto de intermediar m\u00e1quinas tragamonedas usadas a minoristas [&hellip;]<\/p>\n","protected":false},"author":1,"featured_media":0,"parent":0,"menu_order":0,"comment_status":"closed","ping_status":"open","template":"","meta":{"_genesis_hide_title":false,"_genesis_hide_breadcrumbs":false,"_genesis_hide_singular_image":false,"_genesis_hide_footer_widgets":false,"_genesis_custom_body_class":"","_genesis_custom_post_class":"","_genesis_layout":"","jetpack_post_was_ever_published":false,"footnotes":""},"class_list":{"0":"post-26685","1":"page","2":"type-page","3":"status-publish","5":"entry"},"yoast_head":"<!-- This site is optimized with the Yoast SEO plugin v27.4 - https:\/\/yoast.com\/product\/yoast-seo-wordpress\/ -->\n<title>Acerca de Focus Gaming Solutions - Focus Gaming Solutions<\/title>\n<meta name=\"robots\" content=\"index, follow, max-snippet:-1, max-image-preview:large, max-video-preview:-1\" \/>\n<link rel=\"canonical\" href=\"https:\/\/www.focusgamingsolutions.com\/es\/acerca-de-focus-gaming-solutions\/\" \/>\n<meta property=\"og:locale\" content=\"es_ES\" \/>\n<meta property=\"og:type\" content=\"article\" \/>\n<meta property=\"og:title\" content=\"Acerca de Focus Gaming Solutions - Focus Gaming Solutions\" \/>\n<meta property=\"og:description\" content=\"Focus Gaming Solutions es la principal empresa internacional de corretaje y consultor\u00eda de equipos de juego, y ofrece una gama incomparable de productos y servicios a casinos y establecimientos de juego de todo el mundo. Fundada por David Graw en 1996, Focus Gaming Solutions comenz\u00f3 con el concepto de intermediar m\u00e1quinas tragamonedas usadas a minoristas [&hellip;]\" \/>\n<meta property=\"og:url\" content=\"https:\/\/www.focusgamingsolutions.com\/es\/acerca-de-focus-gaming-solutions\/\" \/>\n<meta property=\"og:site_name\" content=\"Focus Gaming Solutions\" \/>\n<meta property=\"article:modified_time\" content=\"2025-10-06T22:43:32+00:00\" \/>\n<meta name=\"twitter:card\" content=\"summary_large_image\" \/>\n<meta name=\"twitter:label1\" content=\"Tiempo de lectura\" \/>\n\t<meta name=\"twitter:data1\" content=\"2 minutos\" \/>\n<script type=\"application\/ld+json\" class=\"yoast-schema-graph\">{\"@context\":\"https:\\\/\\\/schema.org\",\"@graph\":[{\"@type\":\"WebPage\",\"@id\":\"https:\\\/\\\/www.focusgamingsolutions.com\\\/es\\\/acerca-de-focus-gaming-solutions\\\/\",\"url\":\"https:\\\/\\\/www.focusgamingsolutions.com\\\/es\\\/acerca-de-focus-gaming-solutions\\\/\",\"name\":\"Acerca de Focus Gaming Solutions - Focus Gaming Solutions\",\"isPartOf\":{\"@id\":\"https:\\\/\\\/www.focusgamingsolutions.com\\\/es\\\/#website\"},\"datePublished\":\"2009-08-12T00:32:18+00:00\",\"dateModified\":\"2025-10-06T22:43:32+00:00\",\"breadcrumb\":{\"@id\":\"https:\\\/\\\/www.focusgamingsolutions.com\\\/es\\\/acerca-de-focus-gaming-solutions\\\/#breadcrumb\"},\"inLanguage\":\"es\",\"potentialAction\":[{\"@type\":\"ReadAction\",\"target\":[\"https:\\\/\\\/www.focusgamingsolutions.com\\\/es\\\/acerca-de-focus-gaming-solutions\\\/\"]}]},{\"@type\":\"BreadcrumbList\",\"@id\":\"https:\\\/\\\/www.focusgamingsolutions.com\\\/es\\\/acerca-de-focus-gaming-solutions\\\/#breadcrumb\",\"itemListElement\":[{\"@type\":\"ListItem\",\"position\":1,\"name\":\"Home\",\"item\":\"https:\\\/\\\/www.focusgamingsolutions.com\\\/es\\\/\"},{\"@type\":\"ListItem\",\"position\":2,\"name\":\"Acerca de Focus Gaming Solutions\"}]},{\"@type\":\"WebSite\",\"@id\":\"https:\\\/\\\/www.focusgamingsolutions.com\\\/es\\\/#website\",\"url\":\"https:\\\/\\\/www.focusgamingsolutions.com\\\/es\\\/\",\"name\":\"Focus Gaming Solutions\",\"description\":\"Focused Solutions For Your Gaming Needs\",\"publisher\":{\"@id\":\"https:\\\/\\\/www.focusgamingsolutions.com\\\/es\\\/#organization\"},\"potentialAction\":[{\"@type\":\"SearchAction\",\"target\":{\"@type\":\"EntryPoint\",\"urlTemplate\":\"https:\\\/\\\/www.focusgamingsolutions.com\\\/es\\\/?s={search_term_string}\"},\"query-input\":{\"@type\":\"PropertyValueSpecification\",\"valueRequired\":true,\"valueName\":\"search_term_string\"}}],\"inLanguage\":\"es\"},{\"@type\":\"Organization\",\"@id\":\"https:\\\/\\\/www.focusgamingsolutions.com\\\/es\\\/#organization\",\"name\":\"Focus Gaming Solutions\",\"url\":\"https:\\\/\\\/www.focusgamingsolutions.com\\\/es\\\/\",\"logo\":{\"@type\":\"ImageObject\",\"inLanguage\":\"es\",\"@id\":\"https:\\\/\\\/www.focusgamingsolutions.com\\\/es\\\/#\\\/schema\\\/logo\\\/image\\\/\",\"url\":\"https:\\\/\\\/i0.wp.com\\\/www.focusgamingsolutions.com\\\/wp-content\\\/uploads\\\/2016\\\/05\\\/fgs-logo-final.jpg?fit=260%2C100&ssl=1\",\"contentUrl\":\"https:\\\/\\\/i0.wp.com\\\/www.focusgamingsolutions.com\\\/wp-content\\\/uploads\\\/2016\\\/05\\\/fgs-logo-final.jpg?fit=260%2C100&ssl=1\",\"width\":260,\"height\":100,\"caption\":\"Focus Gaming Solutions\"},\"image\":{\"@id\":\"https:\\\/\\\/www.focusgamingsolutions.com\\\/es\\\/#\\\/schema\\\/logo\\\/image\\\/\"}}]}<\/script>\n<!-- \/ Yoast SEO plugin. -->","yoast_head_json":{"title":"Acerca de Focus Gaming Solutions - Focus Gaming Solutions","robots":{"index":"index","follow":"follow","max-snippet":"max-snippet:-1","max-image-preview":"max-image-preview:large","max-video-preview":"max-video-preview:-1"},"canonical":"https:\/\/www.focusgamingsolutions.com\/es\/acerca-de-focus-gaming-solutions\/","og_locale":"es_ES","og_type":"article","og_title":"Acerca de Focus Gaming Solutions - Focus Gaming Solutions","og_description":"Focus Gaming Solutions es la principal empresa internacional de corretaje y consultor\u00eda de equipos de juego, y ofrece una gama incomparable de productos y servicios a casinos y establecimientos de juego de todo el mundo. Fundada por David Graw en 1996, Focus Gaming Solutions comenz\u00f3 con el concepto de intermediar m\u00e1quinas tragamonedas usadas a minoristas [&hellip;]","og_url":"https:\/\/www.focusgamingsolutions.com\/es\/acerca-de-focus-gaming-solutions\/","og_site_name":"Focus Gaming Solutions","article_modified_time":"2025-10-06T22:43:32+00:00","twitter_card":"summary_large_image","twitter_misc":{"Tiempo de lectura":"2 minutos"},"schema":{"@context":"https:\/\/schema.org","@graph":[{"@type":"WebPage","@id":"https:\/\/www.focusgamingsolutions.com\/es\/acerca-de-focus-gaming-solutions\/","url":"https:\/\/www.focusgamingsolutions.com\/es\/acerca-de-focus-gaming-solutions\/","name":"Acerca de Focus Gaming Solutions - Focus Gaming Solutions","isPartOf":{"@id":"https:\/\/www.focusgamingsolutions.com\/es\/#website"},"datePublished":"2009-08-12T00:32:18+00:00","dateModified":"2025-10-06T22:43:32+00:00","breadcrumb":{"@id":"https:\/\/www.focusgamingsolutions.com\/es\/acerca-de-focus-gaming-solutions\/#breadcrumb"},"inLanguage":"es","potentialAction":[{"@type":"ReadAction","target":["https:\/\/www.focusgamingsolutions.com\/es\/acerca-de-focus-gaming-solutions\/"]}]},{"@type":"BreadcrumbList","@id":"https:\/\/www.focusgamingsolutions.com\/es\/acerca-de-focus-gaming-solutions\/#breadcrumb","itemListElement":[{"@type":"ListItem","position":1,"name":"Home","item":"https:\/\/www.focusgamingsolutions.com\/es\/"},{"@type":"ListItem","position":2,"name":"Acerca de Focus Gaming Solutions"}]},{"@type":"WebSite","@id":"https:\/\/www.focusgamingsolutions.com\/es\/#website","url":"https:\/\/www.focusgamingsolutions.com\/es\/","name":"Focus Gaming Solutions","description":"Focused Solutions For Your Gaming Needs","publisher":{"@id":"https:\/\/www.focusgamingsolutions.com\/es\/#organization"},"potentialAction":[{"@type":"SearchAction","target":{"@type":"EntryPoint","urlTemplate":"https:\/\/www.focusgamingsolutions.com\/es\/?s={search_term_string}"},"query-input":{"@type":"PropertyValueSpecification","valueRequired":true,"valueName":"search_term_string"}}],"inLanguage":"es"},{"@type":"Organization","@id":"https:\/\/www.focusgamingsolutions.com\/es\/#organization","name":"Focus Gaming Solutions","url":"https:\/\/www.focusgamingsolutions.com\/es\/","logo":{"@type":"ImageObject","inLanguage":"es","@id":"https:\/\/www.focusgamingsolutions.com\/es\/#\/schema\/logo\/image\/","url":"https:\/\/i0.wp.com\/www.focusgamingsolutions.com\/wp-content\/uploads\/2016\/05\/fgs-logo-final.jpg?fit=260%2C100&ssl=1","contentUrl":"https:\/\/i0.wp.com\/www.focusgamingsolutions.com\/wp-content\/uploads\/2016\/05\/fgs-logo-final.jpg?fit=260%2C100&ssl=1","width":260,"height":100,"caption":"Focus Gaming Solutions"},"image":{"@id":"https:\/\/www.focusgamingsolutions.com\/es\/#\/schema\/logo\/image\/"}}]}},"jetpack_sharing_enabled":true,"jetpack_shortlink":"https:\/\/wp.me\/PEkl0-6Wp","jetpack-related-posts":[{"id":2,"url":"https:\/\/www.focusgamingsolutions.com\/about\/","url_meta":{"origin":26685,"position":0},"title":"About Focus Gaming Solutions","author":"Prism Enterprises","date":"11 de agosto de 2009","format":false,"excerpt":"Focus Gaming Solutions is the premier international gaming equipment brokerage and consultancy and offers an unparalleled scope of products and services to casinos and gaming establishments around the world. Founded in 1996, Focus Gaming Solutions began with the concept of brokering used slot machines to retailers within the United States.\u2026","rel":"","context":"Entrada similar","block_context":{"text":"Entrada similar","link":""},"img":{"alt_text":"","src":"","width":0,"height":0},"classes":[]},{"id":164,"url":"https:\/\/www.focusgamingsolutions.com\/casino-equipment\/","url_meta":{"origin":26685,"position":1},"title":"Casino Equipment","author":"Prism Enterprises","date":"30 de septiembre de 2009","format":false,"excerpt":"Focus Gaming Solutions can provide all types of casino equipment for your casino project, from slot machines and table games, to seating and signage. Slots Table Games Signage Seating Contact Us for more information.","rel":"","context":"Entrada similar","block_context":{"text":"Entrada similar","link":""},"img":{"alt_text":"","src":"","width":0,"height":0},"classes":[]},{"id":40,"url":"https:\/\/www.focusgamingsolutions.com\/casino-equipment\/signage\/","url_meta":{"origin":26685,"position":2},"title":"Signage","author":"Prism Enterprises","date":"4 de septiembre de 2009","format":false,"excerpt":"Focus Gaming Solutions can provide your casino with\u00a0used casino signage of all sizes and designs that can be\u00a0customized to your specifications as well as progressive systems and signage. Contact Us for more information.","rel":"","context":"Entrada similar","block_context":{"text":"Entrada similar","link":""},"img":{"alt_text":"Wheel Of Fortune Sign","src":"https:\/\/i0.wp.com\/www.focusgamingsolutions.com\/wp-content\/uploads\/2012\/03\/wheel-fortune-sign1.jpg?resize=350%2C200","width":350,"height":200,"srcset":"https:\/\/i0.wp.com\/www.focusgamingsolutions.com\/wp-content\/uploads\/2012\/03\/wheel-fortune-sign1.jpg?resize=350%2C200 1x, https:\/\/i0.wp.com\/www.focusgamingsolutions.com\/wp-content\/uploads\/2012\/03\/wheel-fortune-sign1.jpg?resize=525%2C300 1.5x"},"classes":[]},{"id":35,"url":"https:\/\/www.focusgamingsolutions.com\/casino-equipment\/table-games\/","url_meta":{"origin":26685,"position":3},"title":"Table Games","author":"Prism Enterprises","date":"4 de septiembre de 2009","format":false,"excerpt":"Focus Gaming Solutions can provide your gaming operation\u00a0with all types of table games in standard and custom styles. Blackjack Tables Roulette Tables and Wheels Craps Tables Big Six Table Poker Tables","rel":"","context":"Entrada similar","block_context":{"text":"Entrada similar","link":""},"img":{"alt_text":"","src":"","width":0,"height":0},"classes":[]},{"id":46,"url":"https:\/\/www.focusgamingsolutions.com\/layout-and-design-services\/","url_meta":{"origin":26685,"position":4},"title":"Layout and Design Services","author":"Prism Enterprises","date":"4 de septiembre de 2009","format":false,"excerpt":"Focus Gaming Solutions can provide for your project; CAD layout and design services for your Casino floor, Restaurant floor, Bar, Kitchen as well as your Nightclub. Custom Casino Carpet Casino Layout and Design Services","rel":"","context":"Entrada similar","block_context":{"text":"Entrada similar","link":""},"img":{"alt_text":"","src":"","width":0,"height":0},"classes":[]},{"id":31,"url":"https:\/\/www.focusgamingsolutions.com\/casino-equipment\/slots\/","url_meta":{"origin":26685,"position":5},"title":"Slots","author":"Prism Enterprises","date":"4 de septiembre de 2009","format":false,"excerpt":"Focus Gaming Solutions\u00a0can provide you with all major manufacturers of used \/ refurbished\u00a0Las Vegas style casino slot machines, such as Atronic, Aristocrat, Bally, IGT, Konami, Novomatic and WMS. The games can be purchased completely refurbished and ready to plug and play\u00a0on your casino floor, or as is from the warehouse\u2026","rel":"","context":"Entrada similar","block_context":{"text":"Entrada similar","link":""},"img":{"alt_text":"Slots","src":"https:\/\/i0.wp.com\/www.focusgamingsolutions.com\/wp-content\/uploads\/2009\/09\/slots.jpg?resize=350%2C200","width":350,"height":200},"classes":[]}],"_links":{"self":[{"href":"https:\/\/www.focusgamingsolutions.com\/es\/wp-json\/wp\/v2\/pages\/26685","targetHints":{"allow":["GET"]}}],"collection":[{"href":"https:\/\/www.focusgamingsolutions.com\/es\/wp-json\/wp\/v2\/pages"}],"about":[{"href":"https:\/\/www.focusgamingsolutions.com\/es\/wp-json\/wp\/v2\/types\/page"}],"author":[{"embeddable":true,"href":"https:\/\/www.focusgamingsolutions.com\/es\/wp-json\/wp\/v2\/users\/1"}],"replies":[{"embeddable":true,"href":"https:\/\/www.focusgamingsolutions.com\/es\/wp-json\/wp\/v2\/comments?post=26685"}],"version-history":[{"count":2,"href":"https:\/\/www.focusgamingsolutions.com\/es\/wp-json\/wp\/v2\/pages\/26685\/revisions"}],"predecessor-version":[{"id":26710,"href":"https:\/\/www.focusgamingsolutions.com\/es\/wp-json\/wp\/v2\/pages\/26685\/revisions\/26710"}],"wp:attachment":[{"href":"https:\/\/www.focusgamingsolutions.com\/es\/wp-json\/wp\/v2\/media?parent=26685"}],"curies":[{"name":"wp","href":"https:\/\/api.w.org\/{rel}","templated":true}]}}